{"id":257,"date":"2020-11-06T22:36:41","date_gmt":"2020-11-06T22:36:41","guid":{"rendered":"http:\/\/olimbic.quantumbarn.com\/?page_id=257"},"modified":"2021-08-25T19:18:04","modified_gmt":"2021-08-25T19:18:04","slug":"inspiracja-v1","status":"publish","type":"page","link":"https:\/\/olimbic.pl\/index.php\/inspiracja-v1\/","title":{"rendered":"podstrona-inspiracja-pl-v1"},"content":{"rendered":"\t\t<div data-elementor-type=\"wp-page\" data-elementor-id=\"257\" class=\"elementor elementor-257\">\n\t\t\t\t\t\t<div class=\"elementor-inner\">\n\t\t\t\t<div class=\"elementor-section-wrap\">\n\t\t\t\t\t\t\t\t\t<section class=\"elementor-section elementor-top-section elementor-element elementor-element-4f943f50 elementor-section-content-top elementor-section-height-full elementor-section-items-top elementor-section-boxed elementor-section-height-default\" data-id=\"4f943f50\" data-element_type=\"section\" data-settings=\"{&quot;background_background&quot;:&quot;classic&quot;}\">\n\t\t\t\t\t\t\t<div class=\"elementor-background-overlay\"><\/div>\n\t\t\t\t\t\t\t<div class=\"elementor-container elementor-column-gap-no\">\n\t\t\t\t\t\t\t<div class=\"elementor-row\">\n\t\t\t\t\t<div class=\"elementor-column elementor-col-50 elementor-top-column elementor-element elementor-element-2f665953\" data-id=\"2f665953\" data-element_type=\"column\">\n\t\t\t<div class=\"elementor-column-wrap elementor-element-populated\">\n\t\t\t\t\t\t\t<div class=\"elementor-widget-wrap\">\n\t\t\t\t\t\t<div class=\"elementor-element elementor-element-33b25c3 elementor-view-default elementor-widget elementor-widget-icon\" data-id=\"33b25c3\" data-element_type=\"widget\" data-widget_type=\"icon.default\">\n\t\t\t\t<div class=\"elementor-widget-container\">\n\t\t\t\t\t<div class=\"elementor-icon-wrapper\">\n\t\t\t<a class=\"elementor-icon\" href=\"http:\/\/olimbic.pl\/#inspiracja\">\n\t\t\t<i aria-hidden=\"true\" class=\"far fa-arrow-alt-circle-left\"><\/i>\t\t\t<\/a>\n\t\t<\/div>\n\t\t\t\t<\/div>\n\t\t\t\t<\/div>\n\t\t\t\t<div class=\"elementor-element elementor-element-7ea2486 elementor-widget-divider--view-line elementor-widget elementor-widget-divider\" data-id=\"7ea2486\" data-element_type=\"widget\" data-widget_type=\"divider.default\">\n\t\t\t\t<div class=\"elementor-widget-container\">\n\t\t\t\t\t<div class=\"elementor-divider\">\n\t\t\t<span class=\"elementor-divider-separator\">\n\t\t\t\t\t\t<\/span>\n\t\t<\/div>\n\t\t\t\t<\/div>\n\t\t\t\t<\/div>\n\t\t\t\t<div class=\"elementor-element elementor-element-32833b3 elementor-widget elementor-widget-heading\" data-id=\"32833b3\" data-element_type=\"widget\" data-widget_type=\"heading.default\">\n\t\t\t\t<div class=\"elementor-widget-container\">\n\t\t\t<h4 class=\"elementor-heading-title elementor-size-default\">INSPIRACJA<\/h4>\t\t<\/div>\n\t\t\t\t<\/div>\n\t\t\t\t\t\t<\/div>\n\t\t\t\t\t<\/div>\n\t\t<\/div>\n\t\t\t\t<div class=\"elementor-column elementor-col-50 elementor-top-column elementor-element elementor-element-54d26145\" data-id=\"54d26145\" data-element_type=\"column\">\n\t\t\t<div class=\"elementor-column-wrap elementor-element-populated\">\n\t\t\t\t\t\t\t<div class=\"elementor-widget-wrap\">\n\t\t\t\t\t\t<div class=\"elementor-element elementor-element-82a6d28 elementor-widget elementor-widget-text-editor\" data-id=\"82a6d28\" data-element_type=\"widget\" data-widget_type=\"text-editor.default\">\n\t\t\t\t<div class=\"elementor-widget-container\">\n\t\t\t\t\t\t\t\t<div class=\"elementor-text-editor elementor-clearfix\">\n\t\t\t\tCzy umiemy marzy\u0107? Czy mamy na to czas, przestrze\u0144? W dzisiejszych czasach, w ka\u017cdej sekundzie naszego \u017cycia, pami\u0119tamy o wielu rzeczach \u2013 praca, obowi\u0105zki, rodzina\u2026 Cz\u0119sto jednak zapominamy o sobie, o swoich potrzebach, pragnieniach, o w\u0142asnym rozwoju, \no marzeniach! Jeste\u015b jedyn\u0105 osob\u0105, kt\u00f3ra mo\u017ce o nie zadba\u0107. Bo spe\u0142nisz je tylko i wy\u0142\u0105cznie wtedy, gdy b\u0119dziesz odwa\u017cny, zna\u0142 swoj\u0105 warto\u015b\u0107, traktowa\u0142 siebie z szacunkiem, mia\u0142 do siebie dystans, rozwija\u0142 si\u0119 i dobrze wykorzystywa\u0142 dany Tobie czas. OLIMBIC by\u0142 kiedy\u015b marzeniem. Powsta\u0142 i jest odpowiedzialny, uczciwy, szczery, lojalny, odwa\u017cny, po to, by pom\u00f3g\u0142 Tobie w poszukiwaniu tego, co jest dla Ciebie najwa\u017cniejsze. Ty decydujesz co to jest, a my sprawimy, \u017ce Twoje ka\u017cde \u2013 nawet najdrobniejsze \u2013 marzenie, zostanie spe\u0142nione. To dla nas cel nadrz\u0119dny\u2026 \t\t\t\t\t<\/div>\n\t\t\t\t\t\t<\/div>\n\t\t\t\t<\/div>\n\t\t\t\t<div class=\"elementor-element elementor-element-764da69 elementor-widget elementor-widget-testimonial\" data-id=\"764da69\" data-element_type=\"widget\" data-widget_type=\"testimonial.default\">\n\t\t\t\t<div class=\"elementor-widget-container\">\n\t\t\t\t\t<div class=\"elementor-testimonial-wrapper\">\n\t\t\t\t\t\t\t<div class=\"elementor-testimonial-content\">\u201e\u2026szuka\u0107 prawdy, kocha\u0107 pi\u0119kno,\nchcie\u0107 dobra, czyni\u0107 najlepsze \u2013\nto zadanie i cel cz\u0142owieka\u201d.<\/div>\n\t\t\t\n\t\t\t\t\t\t<div class=\"elementor-testimonial-meta\">\n\t\t\t\t<div class=\"elementor-testimonial-meta-inner\">\n\t\t\t\t\t\n\t\t\t\t\t\t\t\t\t\t<div class=\"elementor-testimonial-details\">\n\t\t\t\t\t\t\t\t\t\t\t\t\t\t<div class=\"elementor-testimonial-name\">Moses Mendelssohn<\/div>\n\t\t\t\t\t\t\t\t\t\t\t\t\t\t\t\t\t\t\t<\/div>\n\t\t\t\t\t\t\t\t\t<\/div>\n\t\t\t<\/div>\n\t\t\t\t\t<\/div>\n\t\t\t\t<\/div>\n\t\t\t\t<\/div>\n\t\t\t\t\t\t<\/div>\n\t\t\t\t\t<\/div>\n\t\t<\/div>\n\t\t\t\t\t\t\t\t<\/div>\n\t\t\t\t\t<\/div>\n\t\t<\/section>\n\t\t\t\t\t\t\t\t\t<\/div>\n\t\t\t<\/div>\n\t\t\t\t\t<\/div>\n\t\t","protected":false},"excerpt":{"rendered":"<p>INSPIRACJA Czy umiemy marzy\u0107? Czy mamy na to czas, przestrze\u0144? W dzisiejszych czasach, w ka\u017cdej sekundzie naszego \u017cycia, pami\u0119tamy o wielu rzeczach \u2013 praca, obowi\u0105zki, rodzina\u2026 Cz\u0119sto jednak zapominamy o sobie, o swoich potrzebach, pragnieniach, o w\u0142asnym rozwoju, o marzeniach! Jeste\u015b jedyn\u0105 osob\u0105, kt\u00f3ra mo\u017ce o nie zadba\u0107. Bo spe\u0142nisz je tylko i wy\u0142\u0105cznie wtedy, [&hellip;]<\/p>\n","protected":false},"author":1,"featured_media":0,"parent":0,"menu_order":0,"comment_status":"closed","ping_status":"closed","template":"elementor_header_footer","meta":{"inline_featured_image":false},"_links":{"self":[{"href":"https:\/\/olimbic.pl\/index.php\/wp-json\/wp\/v2\/pages\/257"}],"collection":[{"href":"https:\/\/olimbic.pl\/index.php\/wp-json\/wp\/v2\/pages"}],"about":[{"href":"https:\/\/olimbic.pl\/index.php\/wp-json\/wp\/v2\/types\/page"}],"author":[{"embeddable":true,"href":"https:\/\/olimbic.pl\/index.php\/wp-json\/wp\/v2\/users\/1"}],"replies":[{"embeddable":true,"href":"https:\/\/olimbic.pl\/index.php\/wp-json\/wp\/v2\/comments?post=257"}],"version-history":[{"count":9,"href":"https:\/\/olimbic.pl\/index.php\/wp-json\/wp\/v2\/pages\/257\/revisions"}],"predecessor-version":[{"id":732,"href":"https:\/\/olimbic.pl\/index.php\/wp-json\/wp\/v2\/pages\/257\/revisions\/732"}],"wp:attachment":[{"href":"https:\/\/olimbic.pl\/index.php\/wp-json\/wp\/v2\/media?parent=257"}],"curies":[{"name":"wp","href":"https:\/\/api.w.org\/{rel}","templated":true}]}}