{"id":555,"date":"2020-11-20T22:15:34","date_gmt":"2020-11-20T22:15:34","guid":{"rendered":"http:\/\/olimbic.quantumbarn.com\/?page_id=555"},"modified":"2021-08-25T19:17:05","modified_gmt":"2021-08-25T19:17:05","slug":"podstrona-oferta-pl-v1","status":"publish","type":"page","link":"https:\/\/olimbic.pl\/index.php\/podstrona-oferta-pl-v1\/","title":{"rendered":"podstrona-oferta-pl-v1"},"content":{"rendered":"\t\t<div data-elementor-type=\"wp-page\" data-elementor-id=\"555\" class=\"elementor elementor-555\">\n\t\t\t\t\t\t<div class=\"elementor-inner\">\n\t\t\t\t<div class=\"elementor-section-wrap\">\n\t\t\t\t\t\t\t\t\t<section class=\"elementor-section elementor-top-section elementor-element elementor-element-4f943f50 elementor-section-content-top elementor-section-boxed elementor-section-height-default elementor-section-height-default\" data-id=\"4f943f50\" data-element_type=\"section\" data-settings=\"{&quot;background_background&quot;:&quot;classic&quot;}\">\n\t\t\t\t\t\t\t<div class=\"elementor-background-overlay\"><\/div>\n\t\t\t\t\t\t\t<div class=\"elementor-container elementor-column-gap-no\">\n\t\t\t\t\t\t\t<div class=\"elementor-row\">\n\t\t\t\t\t<div class=\"elementor-column elementor-col-50 elementor-top-column elementor-element elementor-element-2f665953\" data-id=\"2f665953\" data-element_type=\"column\">\n\t\t\t<div class=\"elementor-column-wrap elementor-element-populated\">\n\t\t\t\t\t\t\t<div class=\"elementor-widget-wrap\">\n\t\t\t\t\t\t<div class=\"elementor-element elementor-element-33b25c3 elementor-view-default elementor-widget elementor-widget-icon\" data-id=\"33b25c3\" data-element_type=\"widget\" data-widget_type=\"icon.default\">\n\t\t\t\t<div class=\"elementor-widget-container\">\n\t\t\t\t\t<div class=\"elementor-icon-wrapper\">\n\t\t\t<a class=\"elementor-icon\" href=\"http:\/\/olimbic.pl\/#oferta\">\n\t\t\t<i aria-hidden=\"true\" class=\"far fa-arrow-alt-circle-left\"><\/i>\t\t\t<\/a>\n\t\t<\/div>\n\t\t\t\t<\/div>\n\t\t\t\t<\/div>\n\t\t\t\t<div class=\"elementor-element elementor-element-7ea2486 elementor-widget-divider--view-line elementor-widget elementor-widget-divider\" data-id=\"7ea2486\" data-element_type=\"widget\" data-widget_type=\"divider.default\">\n\t\t\t\t<div class=\"elementor-widget-container\">\n\t\t\t\t\t<div class=\"elementor-divider\">\n\t\t\t<span class=\"elementor-divider-separator\">\n\t\t\t\t\t\t<\/span>\n\t\t<\/div>\n\t\t\t\t<\/div>\n\t\t\t\t<\/div>\n\t\t\t\t<div class=\"elementor-element elementor-element-32833b3 elementor-widget elementor-widget-heading\" data-id=\"32833b3\" data-element_type=\"widget\" data-widget_type=\"heading.default\">\n\t\t\t\t<div class=\"elementor-widget-container\">\n\t\t\t<h4 class=\"elementor-heading-title elementor-size-default\">OFERTA<\/h4>\t\t<\/div>\n\t\t\t\t<\/div>\n\t\t\t\t\t\t<\/div>\n\t\t\t\t\t<\/div>\n\t\t<\/div>\n\t\t\t\t<div class=\"elementor-column elementor-col-50 elementor-top-column elementor-element elementor-element-54d26145\" data-id=\"54d26145\" data-element_type=\"column\">\n\t\t\t<div class=\"elementor-column-wrap elementor-element-populated\">\n\t\t\t\t\t\t\t<div class=\"elementor-widget-wrap\">\n\t\t\t\t\t\t<div class=\"elementor-element elementor-element-0483bb0 elementor-widget elementor-widget-text-editor\" data-id=\"0483bb0\" data-element_type=\"widget\" data-widget_type=\"text-editor.default\">\n\t\t\t\t<div class=\"elementor-widget-container\">\n\t\t\t\t\t\t\t\t<div class=\"elementor-text-editor elementor-clearfix\">\n\t\t\t\t<p><span style=\"font-weight: 400;\">OLIMBIC oferuje jako fundament swojej pracy zaanga\u017cowanie, wiedz\u0119, profesjonale podej\u015bcie w d\u0105\u017ceniu do maksymalnego wykorzystywania potencja\u0142u wszystkich ludzi i organizacji zwi\u0105zanych z dzia\u0142alno\u015bci\u0105 sportow\u0105 w ka\u017cdej z mo\u017cliwych przestrzeni.<\/span><\/p>\t\t\t\t\t<\/div>\n\t\t\t\t\t\t<\/div>\n\t\t\t\t<\/div>\n\t\t\t\t<div class=\"elementor-element elementor-element-82a6d28 elementor-widget elementor-widget-text-editor\" data-id=\"82a6d28\" data-element_type=\"widget\" data-widget_type=\"text-editor.default\">\n\t\t\t\t<div class=\"elementor-widget-container\">\n\t\t\t\t\t\t\t\t<div class=\"elementor-text-editor elementor-clearfix\">\n\t\t\t\t<p><span style=\"font-weight: 400;\">Nasza oferta skupia si\u0119 na pracy z:<\/span><\/p><ul><li><span style=\"font-weight: 400;\">klientem indywidualnym \u2013 trener, zawodnik, rodzic<\/span><\/li><li><span style=\"font-weight: 400;\">grup\u0105 sportow\u0105<\/span><\/li><li><span style=\"font-weight: 400;\">klubem sportowym<\/span><\/li><\/ul>\t\t\t\t\t<\/div>\n\t\t\t\t\t\t<\/div>\n\t\t\t\t<\/div>\n\t\t\t\t<div class=\"elementor-element elementor-element-fa7167e elementor-widget elementor-widget-text-editor\" data-id=\"fa7167e\" data-element_type=\"widget\" data-widget_type=\"text-editor.default\">\n\t\t\t\t<div class=\"elementor-widget-container\">\n\t\t\t\t\t\t\t\t<div class=\"elementor-text-editor elementor-clearfix\">\n\t\t\t\t<p><span style=\"font-weight: 400;\">Nasza oferta obejmuje:<\/span><\/p><ul><li><span style=\"font-weight: 400;\">wywiad, rozmowa, spotkanie<\/span><\/li><li><span style=\"font-weight: 400;\">diagnoza mocnych stron, przestrzeni do pracy<\/span><\/li><li><span style=\"font-weight: 400;\">analiza potrzeb i oczekiwa\u0144<\/span><\/li><li><span style=\"font-weight: 400;\">dedykowane warsztaty i szkolenia<\/span><\/li><li><span style=\"font-weight: 400;\">wyk\u0142ady tematyczne<\/span><\/li><\/ul>\t\t\t\t\t<\/div>\n\t\t\t\t\t\t<\/div>\n\t\t\t\t<\/div>\n\t\t\t\t<div class=\"elementor-element elementor-element-316a2779 elementor-widget elementor-widget-text-editor\" data-id=\"316a2779\" data-element_type=\"widget\" data-widget_type=\"text-editor.default\">\n\t\t\t\t<div class=\"elementor-widget-container\">\n\t\t\t\t\t\t\t\t<div class=\"elementor-text-editor elementor-clearfix\">\n\t\t\t\t<p>Ca\u0142a oferta jest bardzo zindywidualizowana i przygotowywana wg\u00a0 potrzeb naszych klient\u00f3w \u2013 wi\u0119cej w zak\u0142adce JAK PRACUJEMY?<\/p>\t\t\t\t\t<\/div>\n\t\t\t\t\t\t<\/div>\n\t\t\t\t<\/div>\n\t\t\t\t\t\t<\/div>\n\t\t\t\t\t<\/div>\n\t\t<\/div>\n\t\t\t\t\t\t\t\t<\/div>\n\t\t\t\t\t<\/div>\n\t\t<\/section>\n\t\t\t\t\t\t\t\t\t<\/div>\n\t\t\t<\/div>\n\t\t\t\t\t<\/div>\n\t\t","protected":false},"excerpt":{"rendered":"<p>OFERTA OLIMBIC oferuje jako fundament swojej pracy zaanga\u017cowanie, wiedz\u0119, profesjonale podej\u015bcie w d\u0105\u017ceniu do maksymalnego wykorzystywania potencja\u0142u wszystkich ludzi i organizacji zwi\u0105zanych z dzia\u0142alno\u015bci\u0105 sportow\u0105 w ka\u017cdej z mo\u017cliwych przestrzeni. Nasza oferta skupia si\u0119 na pracy z: klientem indywidualnym \u2013 trener, zawodnik, rodzic grup\u0105 sportow\u0105 klubem sportowym Nasza oferta obejmuje: wywiad, rozmowa, spotkanie diagnoza mocnych [&hellip;]<\/p>\n","protected":false},"author":1,"featured_media":0,"parent":0,"menu_order":0,"comment_status":"closed","ping_status":"closed","template":"elementor_header_footer","meta":{"inline_featured_image":false},"_links":{"self":[{"href":"https:\/\/olimbic.pl\/index.php\/wp-json\/wp\/v2\/pages\/555"}],"collection":[{"href":"https:\/\/olimbic.pl\/index.php\/wp-json\/wp\/v2\/pages"}],"about":[{"href":"https:\/\/olimbic.pl\/index.php\/wp-json\/wp\/v2\/types\/page"}],"author":[{"embeddable":true,"href":"https:\/\/olimbic.pl\/index.php\/wp-json\/wp\/v2\/users\/1"}],"replies":[{"embeddable":true,"href":"https:\/\/olimbic.pl\/index.php\/wp-json\/wp\/v2\/comments?post=555"}],"version-history":[{"count":8,"href":"https:\/\/olimbic.pl\/index.php\/wp-json\/wp\/v2\/pages\/555\/revisions"}],"predecessor-version":[{"id":723,"href":"https:\/\/olimbic.pl\/index.php\/wp-json\/wp\/v2\/pages\/555\/revisions\/723"}],"wp:attachment":[{"href":"https:\/\/olimbic.pl\/index.php\/wp-json\/wp\/v2\/media?parent=555"}],"curies":[{"name":"wp","href":"https:\/\/api.w.org\/{rel}","templated":true}]}}